{"id":2097,"date":"2019-10-15T16:59:48","date_gmt":"2019-10-15T14:59:48","guid":{"rendered":"http:\/\/appartements-sunshine.com.w019dbfb.kasserver.com\/linktipps\/"},"modified":"2019-12-02T10:45:22","modified_gmt":"2019-12-02T09:45:22","slug":"link-tips","status":"publish","type":"page","link":"https:\/\/www.appartements-sunshine.com\/en\/contact\/link-tips\/","title":{"rendered":"Link Tips"},"content":{"rendered":"<div class=\"vce-row-container\"><div class=\"vce-row vce-row--col-gap-30 schmal vce-row-columns--top vce-row-content--top\" id=\"el-4e835808\" data-vce-do-apply=\"all el-4e835808\"><div class=\"vce-row-content\" data-vce-element-content=\"true\"><div class=\"vce-col vce-col--md-auto vce-col--xs-1 vce-col--xs-last vce-col--xs-first vce-col--sm-last vce-col--sm-first vce-col--md-last vce-col--lg-last vce-col--xl-last vce-col--md-first vce-col--lg-first vce-col--xl-first\" id=\"el-cccde106\"><div class=\"vce-col-inner\" data-vce-do-apply=\"border margin background  el-cccde106\"><div class=\"vce-col-content\" data-vce-element-content=\"true\" data-vce-do-apply=\"padding el-cccde106\"><div class=\"vce-text-block\"><div class=\"vce-text-block-wrapper vce\" id=\"el-1f2b35d6\" data-vce-do-apply=\"all el-1f2b35d6\"><h1>Link tips<\/h1><\/div><\/div><\/div><\/div><\/div><\/div><\/div><\/div><div class=\"vce-row-container\"><div class=\"vce-row vce-row--col-gap-30 schmal vce-row-columns--top vce-row-content--top\" id=\"el-7eea8b27\" data-vce-do-apply=\"all el-7eea8b27\"><div class=\"vce-row-content\" data-vce-element-content=\"true\"><div class=\"vce-col vce-col--md-auto vce-col--xs-1 vce-col--xs-last vce-col--xs-first vce-col--sm-last vce-col--sm-first vce-col--md-first vce-col--lg-first vce-col--xl-first\" id=\"el-e18561a8\"><div class=\"vce-col-inner\" data-vce-do-apply=\"border margin background  el-e18561a8\"><div class=\"vce-col-content\" data-vce-element-content=\"true\" data-vce-do-apply=\"padding el-e18561a8\"><div class=\"vce-text-block\"><div class=\"vce-text-block-wrapper vce\" id=\"el-56cbca49\" data-vce-do-apply=\"all el-56cbca49\"><h4>Tourist Office &amp; ski area<\/h4><\/div><\/div><div class=\"vce-text-block\"><div class=\"vce-text-block-wrapper vce\" id=\"el-760e44ca\" data-vce-do-apply=\"all el-760e44ca\"><ul>\n<li><a class=\"external-link-new-window\" href=\"http:\/\/www.obertauern.com\/\" target=\"_blank\" rel=\"noopener noreferrer\">Tourist Office Obertauern<\/a><\/li>\n<li><a class=\"external-link-new-window\" href=\"http:\/\/www.ski-obertauern.at\/\" target=\"_blank\" rel=\"noopener noreferrer\">Lift Company Obertauern<\/a><\/li>\n<li><a class=\"external-link-new-window\" href=\"https:\/\/www.ski-obertauern.at\/obertauernpreise.htm\" target=\"_blank\" rel=\"noopener noreferrer\">Ski pass prices<\/a><\/li>\n<li><a class=\"external-link-new-window\" href=\"https:\/\/www.ski-obertauern.at\/obertauernliftonoff.php\" target=\"_blank\" rel=\"noopener noreferrer\">Lift operating information<\/a><\/li>\n<\/ul><\/div><\/div><\/div><\/div><\/div><div class=\"vce-col vce-col--md-auto vce-col--xs-1 vce-col--xs-last vce-col--xs-first vce-col--sm-last vce-col--sm-first\" id=\"el-9a719dbe\"><div class=\"vce-col-inner\" data-vce-do-apply=\"border margin background  el-9a719dbe\"><div class=\"vce-col-content\" data-vce-element-content=\"true\" data-vce-do-apply=\"padding el-9a719dbe\"><div class=\"vce-text-block\"><div class=\"vce-text-block-wrapper vce\" id=\"el-9ae543b6\" data-vce-do-apply=\"all el-9ae543b6\"><h4>Weather &amp; webcams<\/h4><\/div><\/div><div class=\"vce-text-block\"><div class=\"vce-text-block-wrapper vce\" id=\"el-37fef962\" data-vce-do-apply=\"all el-37fef962\"><ul>\n<li><a class=\"external-link-new-window\" href=\"https:\/\/www.ski-obertauern.at\/obertauerncam.php\" target=\"_blank\" rel=\"noopener noreferrer\">Webcams Obertauern<\/a><\/li>\n<li><a class=\"external-link-new-window\" href=\"http:\/\/www.wetter.at\/wetter\/sport-freizeit\/ski-wetter\/oesterreich\/salzburg\/obertauern\" target=\"_blank\" rel=\"noopener noreferrer\">Weather Obertauern<\/a><\/li>\n<li><a class=\"external-link-new-window\" href=\"http:\/\/wetter.orf.at\/oes\/\" target=\"_blank\" rel=\"noopener noreferrer\">ORF weather<\/a><\/li>\n<\/ul><\/div><\/div><\/div><\/div><\/div><div class=\"vce-col vce-col--md-auto vce-col--xs-1 vce-col--xs-last vce-col--xs-first vce-col--sm-last vce-col--sm-first vce-col--md-last vce-col--lg-last vce-col--xl-last\" id=\"el-becbb5d1\"><div class=\"vce-col-inner\" data-vce-do-apply=\"border margin background  el-becbb5d1\"><div class=\"vce-col-content\" data-vce-element-content=\"true\" data-vce-do-apply=\"padding el-becbb5d1\"><div class=\"vce-text-block\"><div class=\"vce-text-block-wrapper vce\" id=\"el-30dafce2\" data-vce-do-apply=\"all el-30dafce2\"><h4>Sports shops<\/h4><\/div><\/div><div class=\"vce-text-block\"><div class=\"vce-text-block-wrapper vce\" id=\"el-d235a779\" data-vce-do-apply=\"all el-d235a779\"><ul>\n<li><a class=\"external-link-new-window\" href=\"https:\/\/www.skiworld.at\/\" target=\"_blank\" rel=\"noopener noreferrer\">Sportshop Skiworld<\/a><\/li>\n<li><a href=\"https:\/\/www.obertauern-sport.com\/\" target=\"_blank\" rel=\"noopener noreferrer\">Sport Gef\u00e4ll<\/a><\/li>\n<li><a class=\"external-link-new-window\" href=\"http:\/\/www.obertauern-sportshop.at\/\" target=\"_blank\" rel=\"noopener noreferrer\">Sport Gloria<\/a><\/li>\n<li><a class=\"external-link-new-window\" href=\"http:\/\/sport-erika.team-netcontact.at\" target=\"_blank\" rel=\"noopener noreferrer\">Sport Erika<\/a><\/li>\n<li><a class=\"external-link-new-window\" href=\"http:\/\/www.luerzer.at\/fashionsports\/freudenhaus\/startseite.html\" target=\"_blank\" rel=\"noopener noreferrer\">Freudenhaus<\/a><\/li>\n<li><a href=\"https:\/\/www.fruehstueckl.at\/\" target=\"_blank\" rel=\"noopener noreferrer\">Intersport Fr\u00fchst\u00fcckl<\/a><\/li>\n<li><a href=\"https:\/\/www.blue-tomato.com\/de-AT\/snowboardschule\/verleih\/\" target=\"_blank\" rel=\"noopener noreferrer\">Blue Tomato<\/a><\/li>\n<\/ul><\/div><\/div><\/div><\/div><\/div><\/div><\/div><\/div><div class=\"vce-row-container\"><div class=\"vce-row vce-row--col-gap-30 schmal vce-row-columns--top vce-row-content--top\" id=\"el-0bb60829\" data-vce-do-apply=\"all el-0bb60829\"><div class=\"vce-row-content\" data-vce-element-content=\"true\"><div class=\"vce-col vce-col--md-auto vce-col--xs-1 vce-col--xs-last vce-col--xs-first vce-col--sm-last vce-col--sm-first vce-col--md-first vce-col--lg-first vce-col--xl-first\" id=\"el-a437f2c2\"><div class=\"vce-col-inner\" data-vce-do-apply=\"border margin background  el-a437f2c2\"><div class=\"vce-col-content\" data-vce-element-content=\"true\" data-vce-do-apply=\"padding el-a437f2c2\"><div class=\"vce-text-block\"><div class=\"vce-text-block-wrapper vce\" id=\"el-a6631c59\" data-vce-do-apply=\"all el-a6631c59\"><h4>Ski schools<\/h4><\/div><\/div><div class=\"vce-text-block\"><div class=\"vce-text-block-wrapper vce\" id=\"el-89286887\" data-vce-do-apply=\"all el-89286887\"><ul>\n<li><a class=\"external-link-new-window\" href=\"https:\/\/www.skischule.co.at\/\" target=\"_blank\" rel=\"noopener noreferrer\">Skischule CSA<\/a><\/li>\n<li><a class=\"external-link-new-window\" href=\"http:\/\/www.ski-top.at\/\" target=\"_blank\" rel=\"noopener noreferrer\">Skischule Top<\/a><\/li>\n<li><a class=\"external-link-new-window\" href=\"https:\/\/www.blue-tomato.com\/de-AT\/snowboardschule\/\" target=\"_blank\" rel=\"noopener noreferrer\">Snowboardschule Blue Tomato<\/a><\/li>\n<\/ul><\/div><\/div><\/div><\/div><\/div><div class=\"vce-col vce-col--md-auto vce-col--xs-1 vce-col--xs-last vce-col--xs-first vce-col--sm-last vce-col--sm-first\" id=\"el-eca64e05\"><div class=\"vce-col-inner\" data-vce-do-apply=\"border margin background  el-eca64e05\"><div class=\"vce-col-content\" data-vce-element-content=\"true\" data-vce-do-apply=\"padding el-eca64e05\"><div class=\"vce-text-block\"><div class=\"vce-text-block-wrapper vce\" id=\"el-ec599927\" data-vce-do-apply=\"all el-ec599927\"><h4>Friends<\/h4><\/div><\/div><div class=\"vce-text-block\"><div class=\"vce-text-block-wrapper vce\" id=\"el-cca54893\" data-vce-do-apply=\"all el-cca54893\"><ul>\n<li><a class=\"external-link-new-window\" href=\"http:\/\/www.sonnhof.com\/\" target=\"_blank\" rel=\"noopener noreferrer\">Berghotel Sonnhof<\/a><\/li>\n<li><a class=\"external-link-new-window\" href=\"http:\/\/www.appartements-insieme.com\/\" target=\"_blank\" rel=\"noopener noreferrer\">Appartements Insieme<\/a><\/li>\n<li><a href=\"https:\/\/www.l3-lichtwerbung.at\/\" target=\"_blank\" rel=\"noopener noreferrer\">L3 Lichtwerbung<\/a><\/li>\n<li><a href=\"https:\/\/www.art-michael-alexander-seywald.com\" target=\"_blank\" rel=\"noopener noreferrer\">Michael Alexander Seywald<\/a><\/li>\n<\/ul><\/div><\/div><\/div><\/div><\/div><div class=\"vce-col vce-col--md-auto vce-col--xs-1 vce-col--xs-last vce-col--xs-first vce-col--sm-last vce-col--sm-first vce-col--md-last vce-col--lg-last vce-col--xl-last\" id=\"el-b27e884f\"><div class=\"vce-col-inner\" data-vce-do-apply=\"border margin background  el-b27e884f\"><div class=\"vce-col-content\" data-vce-element-content=\"true\" data-vce-do-apply=\"padding el-b27e884f\"><div class=\"vce-text-block\"><div class=\"vce-text-block-wrapper vce\" id=\"el-b8fad0e6\" data-vce-do-apply=\"all el-b8fad0e6\"><h4>Cancellation insurance<\/h4><\/div><\/div><div class=\"vce-text-block\"><div class=\"vce-text-block-wrapper vce\" id=\"el-5272630a\" data-vce-do-apply=\"all el-5272630a\"><ul>\n<li><a class=\"external-link-new-window\" href=\"http:\/\/hotel.europaeische.at\/plus?AGN=10014042\" target=\"_blank\" rel=\"noopener noreferrer\">Europ\u00e4ische Reiseversicherung<\/a><\/li>\n<\/ul><\/div><\/div><\/div><\/div><\/div><\/div><\/div><\/div><div class=\"vce-row-container\"><div class=\"vce-row vce-row--col-gap-30 schmal vce-row-columns--top vce-row-content--top\" id=\"el-bab9a2d4\" data-vce-do-apply=\"all el-bab9a2d4\"><div class=\"vce-row-content\" data-vce-element-content=\"true\"><div class=\"vce-col vce-col--md-auto vce-col--xs-1 vce-col--xs-last vce-col--xs-first vce-col--sm-last vce-col--sm-first vce-col--md-last vce-col--lg-last vce-col--xl-last vce-col--md-first vce-col--lg-first vce-col--xl-first\" id=\"el-7993b9eb\"><div class=\"vce-col-inner\" data-vce-do-apply=\"border margin background  el-7993b9eb\"><div class=\"vce-col-content\" data-vce-element-content=\"true\" data-vce-do-apply=\"padding el-7993b9eb\"><div class=\"vce-text-block\"><div class=\"vce-text-block-wrapper vce\" id=\"el-3782d482\" data-vce-do-apply=\"all el-3782d482\"><h4>For your journey to Obertauern<\/h4><\/div><\/div><div class=\"vce-row-container\"><div class=\"vce-row vce-row--col-gap-30 vce-row-columns--top vce-row-content--top\" id=\"el-d94be90b\" data-vce-do-apply=\"all el-d94be90b\"><div class=\"vce-row-content\" data-vce-element-content=\"true\"><div class=\"vce-col vce-col--md-auto vce-col--xs-1 vce-col--xs-last vce-col--xs-first vce-col--sm-last vce-col--sm-first vce-col--md-first vce-col--lg-first vce-col--xl-first\" id=\"el-d1d03e43\"><div class=\"vce-col-inner\" data-vce-do-apply=\"border margin background  el-d1d03e43\"><div class=\"vce-col-content\" data-vce-element-content=\"true\" data-vce-do-apply=\"padding el-d1d03e43\"><div class=\"vce-text-block\"><div class=\"vce-text-block-wrapper vce\" id=\"el-65a4a3c8\" data-vce-do-apply=\"all el-65a4a3c8\"><ul>\n<li><a class=\"external-link-new-window\" href=\"http:\/\/www.oebb.at\/\" target=\"_blank\" rel=\"noopener noreferrer\">Austrian Rail<\/a><\/li>\n<li><a class=\"external-link-new-window\" href=\"http:\/\/www.bahn.de\/\" target=\"_blank\" rel=\"noopener noreferrer\">German Rail<\/a><\/li>\n<li><a href=\"http:\/\/www.sbb.ch\/\" target=\"_blank\" rel=\"noopener noreferrer\">Swiss Rail<\/a><\/li>\n<li><a class=\"external-link-new-window\" href=\"http:\/\/www.salzburg-airport.com\/de\/\" target=\"_blank\" rel=\"noopener noreferrer\">Salzburg Airport<\/a><\/li>\n<li><a class=\"external-link-new-window\" href=\"http:\/\/www.klagenfurt-airport.at\/\" target=\"_blank\" rel=\"noopener noreferrer\">Klagenfurt Airport<\/a><\/li>\n<\/ul><\/div><\/div><\/div><\/div><\/div><div class=\"vce-col vce-col--md-auto vce-col--xs-1 vce-col--xs-last vce-col--xs-first vce-col--sm-last vce-col--sm-first\" id=\"el-eedf00b5\"><div class=\"vce-col-inner\" data-vce-do-apply=\"border margin background  el-eedf00b5\"><div class=\"vce-col-content\" data-vce-element-content=\"true\" data-vce-do-apply=\"padding el-eedf00b5\"><div class=\"vce-text-block\"><div class=\"vce-text-block-wrapper vce\" id=\"el-d0c788af\" data-vce-do-apply=\"all el-d0c788af\"><ul>\n<li><a class=\"external-link-new-window\" href=\"http:\/\/www.tuifly.com\/\" target=\"_blank\" rel=\"noopener noreferrer\">Tuifly<\/a><\/li>\n<li><a class=\"external-link-new-window\" href=\"http:\/\/www.ryanair.com\/\" target=\"_blank\" rel=\"noopener noreferrer\">Ryanair<\/a><\/li>\n<li><a href=\"https:\/\/www.austrian.com\/\" target=\"_blank\" rel=\"noopener noreferrer\">AUA\/Lufthansa<\/a><\/li>\n<li><a href=\"http:\/\/www.britishairways.com\/\" target=\"_blank\" rel=\"noopener noreferrer\">British Airways<\/a><\/li>\n<li><a href=\"https:\/\/www.eurowings.com\/\" target=\"_blank\" rel=\"noopener noreferrer\">Eurowings<\/a><\/li>\n<\/ul><\/div><\/div><\/div><\/div><\/div><div class=\"vce-col vce-col--md-auto vce-col--xs-1 vce-col--xs-last vce-col--xs-first vce-col--sm-last vce-col--sm-first vce-col--md-last vce-col--lg-last vce-col--xl-last\" id=\"el-d66fdc8c\"><div class=\"vce-col-inner\" data-vce-do-apply=\"border margin background  el-d66fdc8c\"><div class=\"vce-col-content\" data-vce-element-content=\"true\" data-vce-do-apply=\"padding el-d66fdc8c\"><div class=\"vce-text-block\"><div class=\"vce-text-block-wrapper vce\" id=\"el-03965cd7\" data-vce-do-apply=\"all el-03965cd7\"><ul>\n<li><a class=\"external-link-new-window\" href=\"http:\/\/www.tauerntaxi.at\/\" target=\"_blank\" rel=\"noopener noreferrer\">Tauern Taxi<\/a><\/li>\n<li><a class=\"external-link-new-window\" href=\"http:\/\/www.taxi-oberatuern.at\/\" target=\"_blank\" rel=\"noopener noreferrer\">Taxi Obertauern<\/a><\/li>\n<li><a class=\"external-link-new-window\" href=\"http:\/\/www.kaerntenshuttle.at\/\" target=\"_blank\" rel=\"noopener noreferrer\">Taxi K\u00e4rntenshuttle<\/a><\/li>\n<li><a href=\"http:\/\/www.reisen-habersatter.at\/\" target=\"_blank\" rel=\"noopener noreferrer\">Taxi Habersatter<\/a><\/li>\n<\/ul><\/div><\/div><\/div><\/div><\/div><\/div><\/div><\/div><\/div><\/div><\/div><\/div><\/div><\/div>\n","protected":false},"excerpt":{"rendered":"<p>Link tipsTourist Office &amp; ski area Tourist Office Obertauern Lift Company Obertauern Ski pass prices Lift operating information Weather &amp; webcams Webcams Obertauern Weather Obertauern ORF weather Sports shops Sportshop Skiworld Sport Gef\u00e4ll Sport Gloria Sport Erika Freudenhaus Intersport Fr\u00fchst\u00fcckl Blue Tomato Ski schools Skischule CSA Skischule Top Snowboardschule Blue Tomato Friends Berghotel Sonnhof Appartements [&hellip;]<\/p>\n","protected":false},"author":1,"featured_media":0,"parent":2117,"menu_order":0,"comment_status":"closed","ping_status":"closed","template":"page-noheader.php","meta":{"_acf_changed":false,"rs_blank_template":"","rs_page_bg_color":"","slide_template_v7":"","footnotes":""},"class_list":["post-2097","page","type-page","status-publish","hentry"],"acf":[],"yoast_head":"<!-- This site is optimized with the Yoast SEO plugin v27.5 - https:\/\/yoast.com\/product\/yoast-seo-wordpress\/ -->\n<title>Link Tips - Sunshine Appartements Schilchegger<\/title>\n<meta name=\"robots\" content=\"index, follow, max-snippet:-1, max-image-preview:large, max-video-preview:-1\" \/>\n<link rel=\"canonical\" href=\"https:\/\/www.appartements-sunshine.com\/en\/contact\/link-tips\/\" \/>\n<meta property=\"og:locale\" content=\"en_US\" \/>\n<meta property=\"og:type\" content=\"article\" \/>\n<meta property=\"og:title\" content=\"Link Tips - Sunshine Appartements Schilchegger\" \/>\n<meta property=\"og:description\" content=\"Link tipsTourist Office &amp; ski area Tourist Office Obertauern Lift Company Obertauern Ski pass prices Lift operating information Weather &amp; webcams Webcams Obertauern Weather Obertauern ORF weather Sports shops Sportshop Skiworld Sport Gef\u00e4ll Sport Gloria Sport Erika Freudenhaus Intersport Fr\u00fchst\u00fcckl Blue Tomato Ski schools Skischule CSA Skischule Top Snowboardschule Blue Tomato Friends Berghotel Sonnhof Appartements [&hellip;]\" \/>\n<meta property=\"og:url\" content=\"https:\/\/www.appartements-sunshine.com\/en\/contact\/link-tips\/\" \/>\n<meta property=\"og:site_name\" content=\"Sunshine Appartements Schilchegger\" \/>\n<meta property=\"article:modified_time\" content=\"2019-12-02T09:45:22+00:00\" \/>\n<meta name=\"twitter:card\" content=\"summary_large_image\" \/>\n<meta name=\"twitter:label1\" content=\"Est. reading time\" \/>\n\t<meta name=\"twitter:data1\" content=\"1 minute\" \/>\n<script type=\"application\/ld+json\" class=\"yoast-schema-graph\">{\"@context\":\"https:\\\/\\\/schema.org\",\"@graph\":[{\"@type\":\"WebPage\",\"@id\":\"https:\\\/\\\/www.appartements-sunshine.com\\\/en\\\/contact\\\/link-tips\\\/\",\"url\":\"https:\\\/\\\/www.appartements-sunshine.com\\\/en\\\/contact\\\/link-tips\\\/\",\"name\":\"Link Tips - Sunshine Appartements Schilchegger\",\"isPartOf\":{\"@id\":\"https:\\\/\\\/www.appartements-sunshine.com\\\/en\\\/#website\"},\"datePublished\":\"2019-10-15T14:59:48+00:00\",\"dateModified\":\"2019-12-02T09:45:22+00:00\",\"breadcrumb\":{\"@id\":\"https:\\\/\\\/www.appartements-sunshine.com\\\/en\\\/contact\\\/link-tips\\\/#breadcrumb\"},\"inLanguage\":\"en-US\",\"potentialAction\":[{\"@type\":\"ReadAction\",\"target\":[\"https:\\\/\\\/www.appartements-sunshine.com\\\/en\\\/contact\\\/link-tips\\\/\"]}]},{\"@type\":\"BreadcrumbList\",\"@id\":\"https:\\\/\\\/www.appartements-sunshine.com\\\/en\\\/contact\\\/link-tips\\\/#breadcrumb\",\"itemListElement\":[{\"@type\":\"ListItem\",\"position\":1,\"name\":\"Startseite\",\"item\":\"https:\\\/\\\/www.appartements-sunshine.com\\\/en\\\/\"},{\"@type\":\"ListItem\",\"position\":2,\"name\":\"Contact\",\"item\":\"https:\\\/\\\/www.appartements-sunshine.com\\\/en\\\/contact\\\/\"},{\"@type\":\"ListItem\",\"position\":3,\"name\":\"Link Tips\"}]},{\"@type\":\"WebSite\",\"@id\":\"https:\\\/\\\/www.appartements-sunshine.com\\\/en\\\/#website\",\"url\":\"https:\\\/\\\/www.appartements-sunshine.com\\\/en\\\/\",\"name\":\"Sunshine Appartements Schilchegger\",\"description\":\"Ferienwohnungen in Obertauern\",\"potentialAction\":[{\"@type\":\"SearchAction\",\"target\":{\"@type\":\"EntryPoint\",\"urlTemplate\":\"https:\\\/\\\/www.appartements-sunshine.com\\\/en\\\/?s={search_term_string}\"},\"query-input\":{\"@type\":\"PropertyValueSpecification\",\"valueRequired\":true,\"valueName\":\"search_term_string\"}}],\"inLanguage\":\"en-US\"}]}<\/script>\n<!-- \/ Yoast SEO plugin. -->","yoast_head_json":{"title":"Link Tips - Sunshine Appartements Schilchegger","robots":{"index":"index","follow":"follow","max-snippet":"max-snippet:-1","max-image-preview":"max-image-preview:large","max-video-preview":"max-video-preview:-1"},"canonical":"https:\/\/www.appartements-sunshine.com\/en\/contact\/link-tips\/","og_locale":"en_US","og_type":"article","og_title":"Link Tips - Sunshine Appartements Schilchegger","og_description":"Link tipsTourist Office &amp; ski area Tourist Office Obertauern Lift Company Obertauern Ski pass prices Lift operating information Weather &amp; webcams Webcams Obertauern Weather Obertauern ORF weather Sports shops Sportshop Skiworld Sport Gef\u00e4ll Sport Gloria Sport Erika Freudenhaus Intersport Fr\u00fchst\u00fcckl Blue Tomato Ski schools Skischule CSA Skischule Top Snowboardschule Blue Tomato Friends Berghotel Sonnhof Appartements [&hellip;]","og_url":"https:\/\/www.appartements-sunshine.com\/en\/contact\/link-tips\/","og_site_name":"Sunshine Appartements Schilchegger","article_modified_time":"2019-12-02T09:45:22+00:00","twitter_card":"summary_large_image","twitter_misc":{"Est. reading time":"1 minute"},"schema":{"@context":"https:\/\/schema.org","@graph":[{"@type":"WebPage","@id":"https:\/\/www.appartements-sunshine.com\/en\/contact\/link-tips\/","url":"https:\/\/www.appartements-sunshine.com\/en\/contact\/link-tips\/","name":"Link Tips - Sunshine Appartements Schilchegger","isPartOf":{"@id":"https:\/\/www.appartements-sunshine.com\/en\/#website"},"datePublished":"2019-10-15T14:59:48+00:00","dateModified":"2019-12-02T09:45:22+00:00","breadcrumb":{"@id":"https:\/\/www.appartements-sunshine.com\/en\/contact\/link-tips\/#breadcrumb"},"inLanguage":"en-US","potentialAction":[{"@type":"ReadAction","target":["https:\/\/www.appartements-sunshine.com\/en\/contact\/link-tips\/"]}]},{"@type":"BreadcrumbList","@id":"https:\/\/www.appartements-sunshine.com\/en\/contact\/link-tips\/#breadcrumb","itemListElement":[{"@type":"ListItem","position":1,"name":"Startseite","item":"https:\/\/www.appartements-sunshine.com\/en\/"},{"@type":"ListItem","position":2,"name":"Contact","item":"https:\/\/www.appartements-sunshine.com\/en\/contact\/"},{"@type":"ListItem","position":3,"name":"Link Tips"}]},{"@type":"WebSite","@id":"https:\/\/www.appartements-sunshine.com\/en\/#website","url":"https:\/\/www.appartements-sunshine.com\/en\/","name":"Sunshine Appartements Schilchegger","description":"Ferienwohnungen in Obertauern","potentialAction":[{"@type":"SearchAction","target":{"@type":"EntryPoint","urlTemplate":"https:\/\/www.appartements-sunshine.com\/en\/?s={search_term_string}"},"query-input":{"@type":"PropertyValueSpecification","valueRequired":true,"valueName":"search_term_string"}}],"inLanguage":"en-US"}]}},"_links":{"self":[{"href":"https:\/\/www.appartements-sunshine.com\/en\/wp-json\/wp\/v2\/pages\/2097","targetHints":{"allow":["GET"]}}],"collection":[{"href":"https:\/\/www.appartements-sunshine.com\/en\/wp-json\/wp\/v2\/pages"}],"about":[{"href":"https:\/\/www.appartements-sunshine.com\/en\/wp-json\/wp\/v2\/types\/page"}],"author":[{"embeddable":true,"href":"https:\/\/www.appartements-sunshine.com\/en\/wp-json\/wp\/v2\/users\/1"}],"replies":[{"embeddable":true,"href":"https:\/\/www.appartements-sunshine.com\/en\/wp-json\/wp\/v2\/comments?post=2097"}],"version-history":[{"count":0,"href":"https:\/\/www.appartements-sunshine.com\/en\/wp-json\/wp\/v2\/pages\/2097\/revisions"}],"up":[{"embeddable":true,"href":"https:\/\/www.appartements-sunshine.com\/en\/wp-json\/wp\/v2\/pages\/2117"}],"wp:attachment":[{"href":"https:\/\/www.appartements-sunshine.com\/en\/wp-json\/wp\/v2\/media?parent=2097"}],"curies":[{"name":"wp","href":"https:\/\/api.w.org\/{rel}","templated":true}]}}